{"id":196,"date":"2023-06-22T18:00:05","date_gmt":"2023-06-22T16:00:05","guid":{"rendered":"https:\/\/blutopy.eu\/?post_type=product&#038;p=196"},"modified":"2023-06-22T18:17:02","modified_gmt":"2023-06-22T16:17:02","slug":"set-marigold","status":"publish","type":"product","link":"https:\/\/blutopy.eu\/en\/product\/set-marigold\/","title":{"rendered":"Set Marigold"},"content":{"rendered":"<p>D\u00e9grad\u00e9s magentas, volutes de nuages pales, paillettes rose gold et une petite fleur orange, le tout encadr\u00e9 en dor\u00e9.<\/p>\n<p>Set complet.<\/p>\n","protected":false},"excerpt":{"rendered":"<p>D\u00e9grad\u00e9s magentas, volutes de nuages pales, paillettes rose gold et une petite fleur orange, le tout encadr\u00e9 en dor\u00e9. Set complet.<\/p>\n","protected":false},"featured_media":197,"comment_status":"open","ping_status":"closed","template":"","meta":{"om_disable_all_campaigns":false,"_mi_skip_tracking":false},"product_cat":[15],"product_tag":[25],"class_list":["post-196","product","type-product","status-publish","has-post-thumbnail","hentry","product_cat-uncategorized","product_tag-set"],"aioseo_notices":[],"_links":{"self":[{"href":"https:\/\/blutopy.eu\/en\/wp-json\/wp\/v3\/product\/196","targetHints":{"allow":["GET"]}}],"collection":[{"href":"https:\/\/blutopy.eu\/en\/wp-json\/wp\/v3\/product"}],"about":[{"href":"https:\/\/blutopy.eu\/en\/wp-json\/wp\/v2\/types\/product"}],"replies":[{"embeddable":true,"href":"https:\/\/blutopy.eu\/en\/wp-json\/wp\/v2\/comments?post=196"}],"version-history":[{"count":0,"href":"https:\/\/blutopy.eu\/en\/wp-json\/wp\/v3\/product\/196\/revisions"}],"wp:featuredmedia":[{"embeddable":true,"href":"https:\/\/blutopy.eu\/en\/wp-json\/wp\/v2\/media\/197"}],"wp:attachment":[{"href":"https:\/\/blutopy.eu\/en\/wp-json\/wp\/v2\/media?parent=196"}],"wp:term":[{"taxonomy":"product_cat","embeddable":true,"href":"https:\/\/blutopy.eu\/en\/wp-json\/wp\/v2\/product_cat?post=196"},{"taxonomy":"product_tag","embeddable":true,"href":"https:\/\/blutopy.eu\/en\/wp-json\/wp\/v2\/product_tag?post=196"}],"curies":[{"name":"wp","href":"https:\/\/api.w.org\/{rel}","templated":true}]}}